{"id":82,"date":"2024-04-10T13:22:55","date_gmt":"2024-04-10T11:22:55","guid":{"rendered":"https:\/\/epoci.de\/?page_id=82"},"modified":"2025-09-03T13:21:22","modified_gmt":"2025-09-03T11:21:22","slug":"kontakt","status":"publish","type":"page","link":"https:\/\/epoci.de\/augsburg\/kontakt\/","title":{"rendered":"Kontakt"},"content":{"rendered":"\n<h2 class=\"kt-adv-heading82_263d21-f0 wp-block-kadence-advancedheading\" data-kb-block=\"kb-adv-heading82_263d21-f0\">Kontakt<\/h2>\n\n\n\n<p>Sie interessieren sich f\u00fcr EPOCI<sup>\u00ae<\/sup> oder haben Fragen? Nehmen Sie mit uns Kontakt auf. Wir melden uns gerne bei Ihnen.<\/p>\n\n\n<div class='fluentform ff-default fluentform_wrapper_3 ffs_default_wrap'><form data-form_id=\"3\" id=\"fluentform_3\" class=\"frm-fluent-form fluent_form_3 ff-el-form-top ff_form_instance_3_1 ff-form-loading ffs_default\" data-form_instance=\"ff_form_instance_3_1\" method=\"POST\" ><fieldset  style=\"border: none!important;margin: 0!important;padding: 0!important;background-color: transparent!important;box-shadow: none!important;outline: none!important; min-inline-size: 100%;\">\n                    <legend class=\"ff_screen_reader_title\" style=\"display: block; margin: 0!important;padding: 0!important;height: 0!important;text-indent: -999999px;width: 0!important;overflow:hidden;\">Kontaktformular<\/legend><input type='hidden' name='__fluent_form_embded_post_id' value='82' \/><input type=\"hidden\" id=\"_fluentform_3_fluentformnonce\" name=\"_fluentform_3_fluentformnonce\" value=\"71155cc573\" \/><input type=\"hidden\" name=\"_wp_http_referer\" value=\"\/augsburg\/wp-json\/wp\/v2\/pages\/82\" \/><div data-type=\"name-element\" data-name=\"names\" class=\" ff-field_container ff-name-field-wrapper\" ><div class='ff-t-container'><div class='ff-t-cell '><div class='ff-el-group ff-el-form-top'><div class=\"ff-el-input--label ff-el-is-required asterisk-right\"><label for='ff_3_names_first_name_' id='label_ff_3_names_first_name_' >Name<\/label><\/div><div class='ff-el-input--content'><input type=\"text\" name=\"names[first_name]\" id=\"ff_3_names_first_name_\" class=\"ff-el-form-control\" aria-invalid=\"false\" aria-required=true><\/div><\/div><\/div><\/div><\/div><div class='ff-el-group'><div class=\"ff-el-input--label asterisk-right\"><label for='ff_3_input_text' id='label_ff_3_input_text' aria-label=\"Institution\">Institution<\/label><\/div><div class='ff-el-input--content'><input type=\"text\" name=\"input_text\" class=\"ff-el-form-control\" data-name=\"input_text\" id=\"ff_3_input_text\"  aria-invalid=\"false\" aria-required=false><\/div><\/div><div class='ff-el-group'><div class=\"ff-el-input--label ff-el-is-required asterisk-right\"><label for='ff_3_email' id='label_ff_3_email' aria-label=\"E-Mail\">E-Mail<\/label><\/div><div class='ff-el-input--content'><input type=\"email\" name=\"email\" id=\"ff_3_email\" class=\"ff-el-form-control\" data-name=\"email\"  aria-invalid=\"false\" aria-required=true><\/div><\/div><div class='ff-el-group'><div class=\"ff-el-input--label asterisk-right\"><label for='ff_3_input_text_1' id='label_ff_3_input_text_1' aria-label=\"Telefon\">Telefon<\/label><\/div><div class='ff-el-input--content'><input type=\"text\" name=\"input_text_1\" class=\"ff-el-form-control\" data-name=\"input_text_1\" id=\"ff_3_input_text_1\"  aria-invalid=\"false\" aria-required=false><\/div><\/div><div class='ff-el-group'><div class=\"ff-el-input--label ff-el-is-required asterisk-right\"><label for='ff_3_description' id='label_ff_3_description' aria-label=\"Nachricht\">Nachricht<\/label><\/div><div class='ff-el-input--content'><textarea aria-required=\"true\" aria-labelledby=\"label_ff_3_description\" name=\"description\" id=\"ff_3_description\" class=\"ff-el-form-control\" rows=\"3\" cols=\"2\" data-name=\"description\" ><\/textarea><\/div><\/div><div class='ff-el-group  ff-custom_html' tabindex='-1' data-name=\"custom_html-3_1\" ><div class=\"kadence-blocks-form-field kb-form-field-5 kb-field-desk-width-100 kb-input-size-small kb-accept-form-field\"><a class=\"kb-accept-link\" href=\"https:\/\/epoci.de\/datenschutz#widerruf\" target=\"_blank\" rel=\"noopener noreferrer\">Widerrufbelehrung anzeigen<\/a><\/div><\/div><div class='ff-el-group    ff-el-input--content'><div class='ff-el-form-check ff-el-tc'><label aria-label='Die\u00a0Widerrufsbelehrung\u00a0habe ich gelesen.*' class='ff-el-form-check-label ff_tc_label' for=w_agreement_5a9f70256f3eb1ae56d50f329f83d676><span class='ff_tc_checkbox'><input type=\"checkbox\" name=\"w_agreement\" class=\"ff-el-form-check-input ff_gdpr_field\" data-name=\"w_agreement\" id=\"w_agreement_5a9f70256f3eb1ae56d50f329f83d676\"  value='on' aria-invalid='false' aria-required=true><\/span> <div class='ff_t_c'>Die\u00a0Widerrufsbelehrung\u00a0habe ich gelesen.*<\/div><\/label><\/div><\/div><div class='ff-el-group  ff-custom_html' tabindex='-1' data-name=\"custom_html-3_2\" ><div class=\"kadence-blocks-form-field kb-form-field-6 kb-field-desk-width-100 kb-input-size-small kb-accept-form-field\"><a class=\"kb-accept-link\" href=\"https:\/\/epoci.de\/datenschutzerklaerung\/#datenschutz-kontaktformular\" target=\"_blank\" rel=\"noopener noreferrer\">Datenschutzerkl\u00e4rung anzeigen<\/a><\/div><\/div><div class='ff-el-group    ff-el-input--content'><div class='ff-el-form-check ff-el-tc'><label aria-label='Ich habe die Datenschutzerkl\u00e4rung zur Kenntnis genommen. Ich stimme zu, dass meine Angaben zur Kontaktaufnahme und f\u00fcr R\u00fcckfragen dauerhaft gespeichert werden. Hinweis: Sie k\u00f6nnen Ihre Einwilligungen jederzeit f\u00fcr die Zukunft per Mail an info(at)liquid.ag widerrufen.*' class='ff-el-form-check-label ff_tc_label' for=gdpr-agreement_1_f9855d07b4b801202cfdab8a6f9d5886><span class='ff_tc_checkbox'><input type=\"checkbox\" name=\"gdpr-agreement_1\" class=\"ff-el-form-check-input ff_gdpr_field\" data-name=\"gdpr-agreement_1\" id=\"gdpr-agreement_1_f9855d07b4b801202cfdab8a6f9d5886\"  value='on' aria-invalid='false' aria-required=true><\/span> <div class='ff_t_c'>Ich habe die Datenschutzerkl\u00e4rung zur Kenntnis genommen. Ich stimme zu, dass meine Angaben zur Kontaktaufnahme und f\u00fcr R\u00fcckfragen dauerhaft gespeichert werden. Hinweis: Sie k\u00f6nnen Ihre Einwilligungen jederzeit f\u00fcr die Zukunft per Mail an info(at)liquid.ag widerrufen.*<\/div><\/label><\/div><\/div><div class='ff-el-group ff-text-left ff_submit_btn_wrapper'><button type=\"submit\" class=\"ff-btn ff-btn-submit ff-btn-md ff_btn_style\"  aria-label=\"Senden\">Senden<\/button><\/div><\/fieldset><\/form><div id='fluentform_3_errors' class='ff-errors-in-stack ff_form_instance_3_1 ff-form-loading_errors ff_form_instance_3_1_errors'><\/div><\/div>            <script type=\"text\/javascript\">\n                window.fluent_form_ff_form_instance_3_1 = {\"id\":\"3\",\"settings\":{\"layout\":{\"labelPlacement\":\"top\",\"asteriskPlacement\":\"asterisk-right\",\"helpMessagePlacement\":\"with_label\",\"errorMessagePlacement\":\"inline\",\"cssClassName\":\"\"},\"restrictions\":{\"denyEmptySubmission\":{\"enabled\":false}}},\"form_instance\":\"ff_form_instance_3_1\",\"form_id_selector\":\"fluentform_3\",\"rules\":{\"names[first_name]\":{\"required\":{\"value\":true,\"message\":\"Dieses Feld ist erforderlich\",\"global_message\":\"Dieses Feld ist erforderlich\",\"global\":true}},\"names[middle_name]\":{\"required\":{\"value\":false,\"message\":\"Dieses Feld ist erforderlich\",\"global_message\":\"Dieses Feld ist erforderlich\",\"global\":true}},\"names[last_name]\":{\"required\":{\"value\":false,\"message\":\"Dieses Feld ist erforderlich\",\"global_message\":\"Dieses Feld ist erforderlich\",\"global\":true}},\"input_text\":{\"required\":{\"value\":false,\"message\":\"Dieses Feld ist erforderlich\",\"global_message\":\"Dieses Feld ist erforderlich\",\"global\":true}},\"email\":{\"required\":{\"value\":true,\"message\":\"Dieses Feld ist erforderlich\",\"global_message\":\"Dieses Feld ist erforderlich\",\"global\":true},\"email\":{\"value\":true,\"message\":\"Dieses Feld muss eine g\\u00fcltige E-Mail-Adresse enthalten\",\"global_message\":\"Dieses Feld muss eine g\\u00fcltige E-Mail-Adresse enthalten\",\"global\":true}},\"input_text_1\":{\"required\":{\"value\":false,\"message\":\"Dieses Feld ist erforderlich\",\"global_message\":\"Dieses Feld ist erforderlich\",\"global\":true}},\"description\":{\"required\":{\"value\":true,\"message\":\"Dieses Feld ist erforderlich\",\"global_message\":\"Dieses Feld ist erforderlich\",\"global\":true}},\"w_agreement\":{\"required\":{\"value\":true,\"message\":\"Dieses Feld ist erforderlich\",\"global_message\":\"Dieses Feld ist erforderlich\",\"global\":true}},\"gdpr-agreement_1\":{\"required\":{\"value\":true,\"message\":\"Dieses Feld ist erforderlich\",\"global_message\":\"Dieses Feld ist erforderlich\",\"global\":true}}},\"debounce_time\":300};\n                            <\/script>\n            \n","protected":false},"excerpt":{"rendered":"<p>Kontakt Sie interessieren sich f\u00fcr EPOCI\u00ae oder haben Fragen? Nehmen Sie mit uns Kontakt auf. Wir melden uns gerne bei Ihnen.<\/p>\n","protected":false},"author":2,"featured_media":0,"parent":0,"menu_order":0,"comment_status":"closed","ping_status":"closed","template":"","meta":{"_themeisle_gutenberg_block_has_review":false,"footnotes":""},"class_list":["post-82","page","type-page","status-publish","hentry"],"yoast_head":"<!-- This site is optimized with the Yoast SEO plugin v26.9 - https:\/\/yoast.com\/product\/yoast-seo-wordpress\/ -->\n<title>Kontakt - Epoci<\/title>\n<meta name=\"robots\" content=\"index, follow, max-snippet:-1, max-image-preview:large, max-video-preview:-1\" \/>\n<link rel=\"canonical\" href=\"https:\/\/epoci.de\/augsburg\/kontakt\/\" \/>\n<meta property=\"og:locale\" content=\"de_DE\" \/>\n<meta property=\"og:type\" content=\"article\" \/>\n<meta property=\"og:title\" content=\"Kontakt - Epoci\" \/>\n<meta property=\"og:description\" content=\"Kontakt Sie interessieren sich f\u00fcr EPOCI\u00ae oder haben Fragen? Nehmen Sie mit uns Kontakt auf. Wir melden uns gerne bei Ihnen.\" \/>\n<meta property=\"og:url\" content=\"https:\/\/epoci.de\/augsburg\/kontakt\/\" \/>\n<meta property=\"og:site_name\" content=\"Epoci\" \/>\n<meta property=\"article:modified_time\" content=\"2025-09-03T11:21:22+00:00\" \/>\n<meta name=\"twitter:card\" content=\"summary_large_image\" \/>\n<meta name=\"twitter:label1\" content=\"Gesch\u00e4tzte Lesezeit\" \/>\n\t<meta name=\"twitter:data1\" content=\"1\u00a0Minute\" \/>\n<script type=\"application\/ld+json\" class=\"yoast-schema-graph\">{\"@context\":\"https:\/\/schema.org\",\"@graph\":[{\"@type\":\"WebPage\",\"@id\":\"https:\/\/epoci.de\/augsburg\/kontakt\/\",\"url\":\"https:\/\/epoci.de\/augsburg\/kontakt\/\",\"name\":\"Kontakt - Epoci\",\"isPartOf\":{\"@id\":\"https:\/\/epoci.de\/augsburg\/#website\"},\"datePublished\":\"2024-04-10T11:22:55+00:00\",\"dateModified\":\"2025-09-03T11:21:22+00:00\",\"breadcrumb\":{\"@id\":\"https:\/\/epoci.de\/augsburg\/kontakt\/#breadcrumb\"},\"inLanguage\":\"de\",\"potentialAction\":[{\"@type\":\"ReadAction\",\"target\":[\"https:\/\/epoci.de\/augsburg\/kontakt\/\"]}]},{\"@type\":\"BreadcrumbList\",\"@id\":\"https:\/\/epoci.de\/augsburg\/kontakt\/#breadcrumb\",\"itemListElement\":[{\"@type\":\"ListItem\",\"position\":1,\"name\":\"Startseite\",\"item\":\"https:\/\/epoci.de\/augsburg\/\"},{\"@type\":\"ListItem\",\"position\":2,\"name\":\"Kontakt\"}]},{\"@type\":\"WebSite\",\"@id\":\"https:\/\/epoci.de\/augsburg\/#website\",\"url\":\"https:\/\/epoci.de\/augsburg\/\",\"name\":\"Epoci\",\"description\":\"Die App - Alte Orte neu entdecken\",\"publisher\":{\"@id\":\"https:\/\/epoci.de\/augsburg\/#organization\"},\"potentialAction\":[{\"@type\":\"SearchAction\",\"target\":{\"@type\":\"EntryPoint\",\"urlTemplate\":\"https:\/\/epoci.de\/augsburg\/?s={search_term_string}\"},\"query-input\":{\"@type\":\"PropertyValueSpecification\",\"valueRequired\":true,\"valueName\":\"search_term_string\"}}],\"inLanguage\":\"de\"},{\"@type\":\"Organization\",\"@id\":\"https:\/\/epoci.de\/augsburg\/#organization\",\"name\":\"Epoci\",\"url\":\"https:\/\/epoci.de\/augsburg\/\",\"logo\":{\"@type\":\"ImageObject\",\"inLanguage\":\"de\",\"@id\":\"https:\/\/epoci.de\/augsburg\/#\/schema\/logo\/image\/\",\"url\":\"https:\/\/epoci.de\/wp-content\/uploads\/2025\/10\/epoci_AUGSBURG_app_icon.png\",\"contentUrl\":\"https:\/\/epoci.de\/wp-content\/uploads\/2025\/10\/epoci_AUGSBURG_app_icon.png\",\"width\":1024,\"height\":1025,\"caption\":\"Epoci\"},\"image\":{\"@id\":\"https:\/\/epoci.de\/augsburg\/#\/schema\/logo\/image\/\"}}]}<\/script>\n<!-- \/ Yoast SEO plugin. -->","yoast_head_json":{"title":"Kontakt - Epoci","robots":{"index":"index","follow":"follow","max-snippet":"max-snippet:-1","max-image-preview":"max-image-preview:large","max-video-preview":"max-video-preview:-1"},"canonical":"https:\/\/epoci.de\/augsburg\/kontakt\/","og_locale":"de_DE","og_type":"article","og_title":"Kontakt - Epoci","og_description":"Kontakt Sie interessieren sich f\u00fcr EPOCI\u00ae oder haben Fragen? Nehmen Sie mit uns Kontakt auf. Wir melden uns gerne bei Ihnen.","og_url":"https:\/\/epoci.de\/augsburg\/kontakt\/","og_site_name":"Epoci","article_modified_time":"2025-09-03T11:21:22+00:00","twitter_card":"summary_large_image","twitter_misc":{"Gesch\u00e4tzte Lesezeit":"1\u00a0Minute"},"schema":{"@context":"https:\/\/schema.org","@graph":[{"@type":"WebPage","@id":"https:\/\/epoci.de\/augsburg\/kontakt\/","url":"https:\/\/epoci.de\/augsburg\/kontakt\/","name":"Kontakt - Epoci","isPartOf":{"@id":"https:\/\/epoci.de\/augsburg\/#website"},"datePublished":"2024-04-10T11:22:55+00:00","dateModified":"2025-09-03T11:21:22+00:00","breadcrumb":{"@id":"https:\/\/epoci.de\/augsburg\/kontakt\/#breadcrumb"},"inLanguage":"de","potentialAction":[{"@type":"ReadAction","target":["https:\/\/epoci.de\/augsburg\/kontakt\/"]}]},{"@type":"BreadcrumbList","@id":"https:\/\/epoci.de\/augsburg\/kontakt\/#breadcrumb","itemListElement":[{"@type":"ListItem","position":1,"name":"Startseite","item":"https:\/\/epoci.de\/augsburg\/"},{"@type":"ListItem","position":2,"name":"Kontakt"}]},{"@type":"WebSite","@id":"https:\/\/epoci.de\/augsburg\/#website","url":"https:\/\/epoci.de\/augsburg\/","name":"Epoci","description":"Die App - Alte Orte neu entdecken","publisher":{"@id":"https:\/\/epoci.de\/augsburg\/#organization"},"potentialAction":[{"@type":"SearchAction","target":{"@type":"EntryPoint","urlTemplate":"https:\/\/epoci.de\/augsburg\/?s={search_term_string}"},"query-input":{"@type":"PropertyValueSpecification","valueRequired":true,"valueName":"search_term_string"}}],"inLanguage":"de"},{"@type":"Organization","@id":"https:\/\/epoci.de\/augsburg\/#organization","name":"Epoci","url":"https:\/\/epoci.de\/augsburg\/","logo":{"@type":"ImageObject","inLanguage":"de","@id":"https:\/\/epoci.de\/augsburg\/#\/schema\/logo\/image\/","url":"https:\/\/epoci.de\/wp-content\/uploads\/2025\/10\/epoci_AUGSBURG_app_icon.png","contentUrl":"https:\/\/epoci.de\/wp-content\/uploads\/2025\/10\/epoci_AUGSBURG_app_icon.png","width":1024,"height":1025,"caption":"Epoci"},"image":{"@id":"https:\/\/epoci.de\/augsburg\/#\/schema\/logo\/image\/"}}]}},"_links":{"self":[{"href":"https:\/\/epoci.de\/augsburg\/wp-json\/wp\/v2\/pages\/82","targetHints":{"allow":["GET"]}}],"collection":[{"href":"https:\/\/epoci.de\/augsburg\/wp-json\/wp\/v2\/pages"}],"about":[{"href":"https:\/\/epoci.de\/augsburg\/wp-json\/wp\/v2\/types\/page"}],"author":[{"embeddable":true,"href":"https:\/\/epoci.de\/augsburg\/wp-json\/wp\/v2\/users\/2"}],"replies":[{"embeddable":true,"href":"https:\/\/epoci.de\/augsburg\/wp-json\/wp\/v2\/comments?post=82"}],"version-history":[{"count":8,"href":"https:\/\/epoci.de\/augsburg\/wp-json\/wp\/v2\/pages\/82\/revisions"}],"predecessor-version":[{"id":741,"href":"https:\/\/epoci.de\/augsburg\/wp-json\/wp\/v2\/pages\/82\/revisions\/741"}],"wp:attachment":[{"href":"https:\/\/epoci.de\/augsburg\/wp-json\/wp\/v2\/media?parent=82"}],"curies":[{"name":"wp","href":"https:\/\/api.w.org\/{rel}","templated":true}]}}