{"id":41,"date":"2024-04-05T08:29:25","date_gmt":"2024-04-05T06:29:25","guid":{"rendered":"https:\/\/epoci.de\/?page_id=41"},"modified":"2025-11-07T17:37:06","modified_gmt":"2025-11-07T16:37:06","slug":"impressum","status":"publish","type":"page","link":"https:\/\/epoci.de\/augsburg\/impressum\/","title":{"rendered":"Impressum"},"content":{"rendered":"\n<h1 class=\"wp-block-heading alignwide has-large-font-size\" style=\"margin-top:var(--wp--preset--spacing--40);margin-right:0;margin-bottom:var(--wp--preset--spacing--40);margin-left:0;padding-right:1.25rem;padding-left:1.25rem\">Impressum<\/h1>\n\n\n<div class=\"kb-row-layout-wrap kb-row-layout-id41_fbb9ba-45 alignwide wp-block-kadence-rowlayout\"><div class=\"kt-row-column-wrap kt-has-2-columns kt-row-layout-right-golden kt-tab-layout-inherit kt-mobile-layout-row kt-row-valign-top\">\n\n<div class=\"wp-block-kadence-column kadence-column41_85c0c7-ff\"><div class=\"kt-inside-inner-col\">\n<p><strong>Angaben gem\u00e4\u00df \u00a7 5 TMG<\/strong><br>LIQUID Agentur f\u00fcr Gestaltung<br>Orschulko-Sallacz GbR<br>Kohlergasse 20<br>86152 Augsburg<\/p>\n\n\n\n<p><strong>Vertreten durch<\/strong><br>Dipl.-Des. Ilja Sallacz<br>Dipl.-Des. Carina Orschulko-Sallacz<\/p>\n\n\n\n<p><strong>Pers\u00f6nlich haftende Gesellschafter<\/strong><br>Dipl.-Des. Ilja Sallacz<br>Dipl.-Des. Carina Orschulko-Sallacz<\/p>\n\n\n\n<p><strong>Kontakt<\/strong><br>Telefon: +49 (0)821 34 99 90-90<br>E-Mail:&nbsp;<a href=\"javascript:linkTo_UnCryptMailto(%27nbjmup%2BjogpAmjrvje%5C%2Fbh%27);\">info(at)liquid.ag<\/a><br>Internetadresse:&nbsp;<a href=\"https:\/\/www.liquid.ag\/\" target=\"_blank\" rel=\"noreferrer noopener\">https:\/\/www.liquid.ag<\/a><\/p>\n\n\n\n<p><strong>Umsatzsteuer-ID<\/strong><br>Umsatzsteuer-Identifikationsnummer gem\u00e4\u00df \u00a727 a Umsatzsteuergesetz<br>DE 206840112<\/p>\n\n\n\n<p><strong>Konzeption &amp; Layout<\/strong><br>LIQUID Agentur f\u00fcr Gestaltung<\/p>\n\n\n\n<p><strong>Quellenangaben f\u00fcr die verwendeten Bilder&nbsp;<\/strong>(Bildnachweis)<br>LIQUID Agentur f\u00fcr Gestaltung<\/p>\n<\/div><\/div>\n\n\n\n<div class=\"wp-block-kadence-column kadence-column41_d8bff7-09\"><div class=\"kt-inside-inner-col\">\n<p><strong>Urheberrecht<br><\/strong>Die auf dieser Website gezeigten Arbeiten sind geistiges Eigentum der LIQUID Agentur f\u00fcr Gestaltung, f\u00fcr das wir Urheberschutz in Anspruch nehmen.&nbsp;<br><br>LIQUID, EPOCI&nbsp;und DAS LEBENDE BUCH sind eingetragene Marken. Diese Marken d\u00fcrfen nicht in Zusammenhang mit anderen grafischen Dienstleistungen oder multimedialen Installationen gebracht werden, die nicht von LIQUID Agentur f\u00fcr Gestaltung&nbsp;stammen und in keiner Weise verwendet werden, die geeignet sind, die Kunden von LIQUID zu verwirren oder in einer Art und Weise, die LIQUID Agentur f\u00fcr Gestaltung herabsetzen oder diskreditieren k\u00f6nnten.&nbsp;<br><br>Die durch die Seitenbetreiber erstellten Inhalte und Werke auf diesen Seiten unterliegen dem deutschen Urheberrecht. Die Vervielf\u00e4ltigung, Bearbeitung, Verbreitung und jede Art der Verwertung au\u00dferhalb der Grenzen des Urheberrechtes bed\u00fcrfen der schriftlichen Zustimmung der LIQUID Agentur f\u00fcr Gestaltung. Downloads und Kopien dieser Seite sind nur f\u00fcr den privaten, nicht kommerziellen Gebrauch gestattet. Soweit die Inhalte auf dieser Seite nicht vom Betreiber erstellt wurden, werden die Urheberrechte Dritter beachtet. Insbesondere werden Inhalte Dritter als solche gekennzeichnet. Sollten Sie trotzdem auf eine Urheberrechtsverletzung aufmerksam werden, bitten wir um einen entsprechenden Hinweis. Bei Bekanntwerden von Rechtsverletzungen werden wir derartige Inhalte umgehend entfernen.<br><\/p>\n\n\n\n<p><strong>Streitschlichtung<br><\/strong>Wir sind nicht bereit oder verpflichtet, an Streitbeilegungsverfahren vor einer Verbraucherschlichtungsstelle teilzunehmen.<\/p>\n\n\n\n<p><strong>Haftung f\u00fcr Inhalte<br><\/strong>Als Diensteanbieter sind wir f\u00fcr eigene Inhalte auf diesen Seiten nach den allgemeinen Gesetzen verantwortlich. Wir sind als Diensteanbieter jedoch nicht verpflichtet, \u00fcbermittelte oder gespeicherte fremde Informationen zu \u00fcberwachen oder nach Umst\u00e4nden zu forschen, die auf eine rechtswidrige T\u00e4tigkeit hinweisen.&nbsp;<\/p>\n\n\n\n<p>Verpflichtungen zur Entfernung oder Sperrung der Nutzung von Informationen nach den allgemeinen Gesetzen bleiben hiervon unber\u00fchrt. Eine diesbez\u00fcgliche Haftung ist jedoch erst ab dem Zeitpunkt der Kenntnis einer konkreten Rechtsverletzung m\u00f6glich. Bei Bekanntwerden von entsprechenden Rechtsverletzungen werden wir diese Inhalte umgehend entfernen.<\/p>\n\n\n\n<p><strong>Haftung f\u00fcr Links<\/strong><br>Unser Angebot enth\u00e4lt Links zu externen Websites Dritter, auf deren Inhalte wir keinen Einfluss haben. Deshalb k\u00f6nnen wir f\u00fcr diese fremden Inhalte auch keine Gew\u00e4hr \u00fcbernehmen. F\u00fcr die Inhalte der verlinkten Seiten ist stets der jeweilige Anbieter oder Betreiber der Seiten verantwortlich. Die verlinkten Seiten wurden zum Zeitpunkt der Verlinkung auf m\u00f6gliche Rechtsverst\u00f6\u00dfe \u00fcberpr\u00fcft. Rechtswidrige Inhalte waren zum Zeitpunkt der Verlinkung nicht erkennbar.<br><br>Eine permanente inhaltliche Kontrolle der verlinkten Seiten ist jedoch ohne konkrete Anhaltspunkte einer Rechtsverletzung nicht zumutbar. Bei Bekanntwerden von Rechtsverletzungen werden wir derartige Links umgehend entfernen.<\/p>\n<\/div><\/div>\n\n<\/div><\/div>\n\n\n<div class=\"wp-block-group has-medium-font-size is-content-justification-center is-nowrap is-layout-flex wp-container-core-group-is-layout-af3ae12a wp-block-group-is-layout-flex\" style=\"margin-top:var(--wp--preset--spacing--40);margin-bottom:var(--wp--preset--spacing--40)\">\n<div id=\"wp-block-themeisle-blocks-font-awesome-icons-00537216\" class=\"wp-block-themeisle-blocks-font-awesome-icons\"><span class=\"wp-block-themeisle-blocks-font-awesome-icons-container\"><a href=\"#top\" target=\"_self\" rel=\"noopener noreferrer\"><i class=\"fas fa-angle-double-up\"><\/i><\/a><\/span><\/div>\n<\/div>\n","protected":false},"excerpt":{"rendered":"<p>Impressum Angaben gem\u00e4\u00df \u00a7 5 TMGLIQUID Agentur f\u00fcr GestaltungOrschulko-Sallacz GbRKohlergasse 2086152 Augsburg Vertreten durchDipl.-Des. Ilja SallaczDipl.-Des. Carina Orschulko-Sallacz Pers\u00f6nlich haftende GesellschafterDipl.-Des. Ilja SallaczDipl.-Des. Carina Orschulko-Sallacz KontaktTelefon: +49 (0)821 34 99 90-90E-Mail:&nbsp;info(at)liquid.agInternetadresse:&nbsp;https:\/\/www.liquid.ag Umsatzsteuer-IDUmsatzsteuer-Identifikationsnummer gem\u00e4\u00df \u00a727 a UmsatzsteuergesetzDE 206840112 Konzeption &amp; LayoutLIQUID Agentur f\u00fcr Gestaltung Quellenangaben f\u00fcr die verwendeten Bilder&nbsp;(Bildnachweis)LIQUID Agentur f\u00fcr Gestaltung UrheberrechtDie auf dieser Website [&hellip;]<\/p>\n","protected":false},"author":2,"featured_media":0,"parent":0,"menu_order":0,"comment_status":"closed","ping_status":"closed","template":"wp-custom-template-neue-homepage-custom-template-fs","meta":{"_themeisle_gutenberg_block_has_review":false,"footnotes":""},"class_list":["post-41","page","type-page","status-publish","hentry"],"yoast_head":"<!-- This site is optimized with the Yoast SEO plugin v26.9 - https:\/\/yoast.com\/product\/yoast-seo-wordpress\/ -->\n<title>Impressum - Epoci<\/title>\n<meta name=\"robots\" content=\"index, follow, max-snippet:-1, max-image-preview:large, max-video-preview:-1\" \/>\n<link rel=\"canonical\" href=\"https:\/\/epoci.de\/augsburg\/impressum\/\" \/>\n<meta property=\"og:locale\" content=\"de_DE\" \/>\n<meta property=\"og:type\" content=\"article\" \/>\n<meta property=\"og:title\" content=\"Impressum - Epoci\" \/>\n<meta property=\"og:description\" content=\"Impressum Angaben gem\u00e4\u00df \u00a7 5 TMGLIQUID Agentur f\u00fcr GestaltungOrschulko-Sallacz GbRKohlergasse 2086152 Augsburg Vertreten durchDipl.-Des. Ilja SallaczDipl.-Des. Carina Orschulko-Sallacz Pers\u00f6nlich haftende GesellschafterDipl.-Des. Ilja SallaczDipl.-Des. Carina Orschulko-Sallacz KontaktTelefon: +49 (0)821 34 99 90-90E-Mail:&nbsp;info(at)liquid.agInternetadresse:&nbsp;https:\/\/www.liquid.ag Umsatzsteuer-IDUmsatzsteuer-Identifikationsnummer gem\u00e4\u00df \u00a727 a UmsatzsteuergesetzDE 206840112 Konzeption &amp; LayoutLIQUID Agentur f\u00fcr Gestaltung Quellenangaben f\u00fcr die verwendeten Bilder&nbsp;(Bildnachweis)LIQUID Agentur f\u00fcr Gestaltung UrheberrechtDie auf dieser Website [&hellip;]\" \/>\n<meta property=\"og:url\" content=\"https:\/\/epoci.de\/augsburg\/impressum\/\" \/>\n<meta property=\"og:site_name\" content=\"Epoci\" \/>\n<meta property=\"article:modified_time\" content=\"2025-11-07T16:37:06+00:00\" \/>\n<meta name=\"twitter:card\" content=\"summary_large_image\" \/>\n<meta name=\"twitter:label1\" content=\"Gesch\u00e4tzte Lesezeit\" \/>\n\t<meta name=\"twitter:data1\" content=\"3\u00a0Minuten\" \/>\n<script type=\"application\/ld+json\" class=\"yoast-schema-graph\">{\"@context\":\"https:\/\/schema.org\",\"@graph\":[{\"@type\":\"WebPage\",\"@id\":\"https:\/\/epoci.de\/augsburg\/impressum\/\",\"url\":\"https:\/\/epoci.de\/augsburg\/impressum\/\",\"name\":\"Impressum - Epoci\",\"isPartOf\":{\"@id\":\"https:\/\/epoci.de\/augsburg\/#website\"},\"datePublished\":\"2024-04-05T06:29:25+00:00\",\"dateModified\":\"2025-11-07T16:37:06+00:00\",\"breadcrumb\":{\"@id\":\"https:\/\/epoci.de\/augsburg\/impressum\/#breadcrumb\"},\"inLanguage\":\"de\",\"potentialAction\":[{\"@type\":\"ReadAction\",\"target\":[\"https:\/\/epoci.de\/augsburg\/impressum\/\"]}]},{\"@type\":\"BreadcrumbList\",\"@id\":\"https:\/\/epoci.de\/augsburg\/impressum\/#breadcrumb\",\"itemListElement\":[{\"@type\":\"ListItem\",\"position\":1,\"name\":\"Startseite\",\"item\":\"https:\/\/epoci.de\/augsburg\/\"},{\"@type\":\"ListItem\",\"position\":2,\"name\":\"Impressum\"}]},{\"@type\":\"WebSite\",\"@id\":\"https:\/\/epoci.de\/augsburg\/#website\",\"url\":\"https:\/\/epoci.de\/augsburg\/\",\"name\":\"Epoci\",\"description\":\"Die App - Alte Orte neu entdecken\",\"publisher\":{\"@id\":\"https:\/\/epoci.de\/augsburg\/#organization\"},\"potentialAction\":[{\"@type\":\"SearchAction\",\"target\":{\"@type\":\"EntryPoint\",\"urlTemplate\":\"https:\/\/epoci.de\/augsburg\/?s={search_term_string}\"},\"query-input\":{\"@type\":\"PropertyValueSpecification\",\"valueRequired\":true,\"valueName\":\"search_term_string\"}}],\"inLanguage\":\"de\"},{\"@type\":\"Organization\",\"@id\":\"https:\/\/epoci.de\/augsburg\/#organization\",\"name\":\"Epoci\",\"url\":\"https:\/\/epoci.de\/augsburg\/\",\"logo\":{\"@type\":\"ImageObject\",\"inLanguage\":\"de\",\"@id\":\"https:\/\/epoci.de\/augsburg\/#\/schema\/logo\/image\/\",\"url\":\"https:\/\/epoci.de\/wp-content\/uploads\/2025\/10\/epoci_AUGSBURG_app_icon.png\",\"contentUrl\":\"https:\/\/epoci.de\/wp-content\/uploads\/2025\/10\/epoci_AUGSBURG_app_icon.png\",\"width\":1024,\"height\":1025,\"caption\":\"Epoci\"},\"image\":{\"@id\":\"https:\/\/epoci.de\/augsburg\/#\/schema\/logo\/image\/\"}}]}<\/script>\n<!-- \/ Yoast SEO plugin. -->","yoast_head_json":{"title":"Impressum - Epoci","robots":{"index":"index","follow":"follow","max-snippet":"max-snippet:-1","max-image-preview":"max-image-preview:large","max-video-preview":"max-video-preview:-1"},"canonical":"https:\/\/epoci.de\/augsburg\/impressum\/","og_locale":"de_DE","og_type":"article","og_title":"Impressum - Epoci","og_description":"Impressum Angaben gem\u00e4\u00df \u00a7 5 TMGLIQUID Agentur f\u00fcr GestaltungOrschulko-Sallacz GbRKohlergasse 2086152 Augsburg Vertreten durchDipl.-Des. Ilja SallaczDipl.-Des. Carina Orschulko-Sallacz Pers\u00f6nlich haftende GesellschafterDipl.-Des. Ilja SallaczDipl.-Des. Carina Orschulko-Sallacz KontaktTelefon: +49 (0)821 34 99 90-90E-Mail:&nbsp;info(at)liquid.agInternetadresse:&nbsp;https:\/\/www.liquid.ag Umsatzsteuer-IDUmsatzsteuer-Identifikationsnummer gem\u00e4\u00df \u00a727 a UmsatzsteuergesetzDE 206840112 Konzeption &amp; LayoutLIQUID Agentur f\u00fcr Gestaltung Quellenangaben f\u00fcr die verwendeten Bilder&nbsp;(Bildnachweis)LIQUID Agentur f\u00fcr Gestaltung UrheberrechtDie auf dieser Website [&hellip;]","og_url":"https:\/\/epoci.de\/augsburg\/impressum\/","og_site_name":"Epoci","article_modified_time":"2025-11-07T16:37:06+00:00","twitter_card":"summary_large_image","twitter_misc":{"Gesch\u00e4tzte Lesezeit":"3\u00a0Minuten"},"schema":{"@context":"https:\/\/schema.org","@graph":[{"@type":"WebPage","@id":"https:\/\/epoci.de\/augsburg\/impressum\/","url":"https:\/\/epoci.de\/augsburg\/impressum\/","name":"Impressum - Epoci","isPartOf":{"@id":"https:\/\/epoci.de\/augsburg\/#website"},"datePublished":"2024-04-05T06:29:25+00:00","dateModified":"2025-11-07T16:37:06+00:00","breadcrumb":{"@id":"https:\/\/epoci.de\/augsburg\/impressum\/#breadcrumb"},"inLanguage":"de","potentialAction":[{"@type":"ReadAction","target":["https:\/\/epoci.de\/augsburg\/impressum\/"]}]},{"@type":"BreadcrumbList","@id":"https:\/\/epoci.de\/augsburg\/impressum\/#breadcrumb","itemListElement":[{"@type":"ListItem","position":1,"name":"Startseite","item":"https:\/\/epoci.de\/augsburg\/"},{"@type":"ListItem","position":2,"name":"Impressum"}]},{"@type":"WebSite","@id":"https:\/\/epoci.de\/augsburg\/#website","url":"https:\/\/epoci.de\/augsburg\/","name":"Epoci","description":"Die App - Alte Orte neu entdecken","publisher":{"@id":"https:\/\/epoci.de\/augsburg\/#organization"},"potentialAction":[{"@type":"SearchAction","target":{"@type":"EntryPoint","urlTemplate":"https:\/\/epoci.de\/augsburg\/?s={search_term_string}"},"query-input":{"@type":"PropertyValueSpecification","valueRequired":true,"valueName":"search_term_string"}}],"inLanguage":"de"},{"@type":"Organization","@id":"https:\/\/epoci.de\/augsburg\/#organization","name":"Epoci","url":"https:\/\/epoci.de\/augsburg\/","logo":{"@type":"ImageObject","inLanguage":"de","@id":"https:\/\/epoci.de\/augsburg\/#\/schema\/logo\/image\/","url":"https:\/\/epoci.de\/wp-content\/uploads\/2025\/10\/epoci_AUGSBURG_app_icon.png","contentUrl":"https:\/\/epoci.de\/wp-content\/uploads\/2025\/10\/epoci_AUGSBURG_app_icon.png","width":1024,"height":1025,"caption":"Epoci"},"image":{"@id":"https:\/\/epoci.de\/augsburg\/#\/schema\/logo\/image\/"}}]}},"_links":{"self":[{"href":"https:\/\/epoci.de\/augsburg\/wp-json\/wp\/v2\/pages\/41","targetHints":{"allow":["GET"]}}],"collection":[{"href":"https:\/\/epoci.de\/augsburg\/wp-json\/wp\/v2\/pages"}],"about":[{"href":"https:\/\/epoci.de\/augsburg\/wp-json\/wp\/v2\/types\/page"}],"author":[{"embeddable":true,"href":"https:\/\/epoci.de\/augsburg\/wp-json\/wp\/v2\/users\/2"}],"replies":[{"embeddable":true,"href":"https:\/\/epoci.de\/augsburg\/wp-json\/wp\/v2\/comments?post=41"}],"version-history":[{"count":3,"href":"https:\/\/epoci.de\/augsburg\/wp-json\/wp\/v2\/pages\/41\/revisions"}],"predecessor-version":[{"id":1095,"href":"https:\/\/epoci.de\/augsburg\/wp-json\/wp\/v2\/pages\/41\/revisions\/1095"}],"wp:attachment":[{"href":"https:\/\/epoci.de\/augsburg\/wp-json\/wp\/v2\/media?parent=41"}],"curies":[{"name":"wp","href":"https:\/\/api.w.org\/{rel}","templated":true}]}}